{"id":184,"date":"2015-05-27T13:40:13","date_gmt":"2015-05-27T13:40:13","guid":{"rendered":"https:\/\/aluminioroots.com.br\/?page_id=184"},"modified":"2016-09-01T13:28:04","modified_gmt":"2016-09-01T13:28:04","slug":"gigs","status":"publish","type":"page","link":"https:\/\/aluminioroots.com.br\/pt\/gigs\/","title":{"rendered":"Agenda"},"content":{"rendered":"<p><\/p>\n<h2><\/h2>\n<h2>Agenda<\/h2>\n<p>Fique esperto para pr\u00f3ximos eventos<\/p>\n<h2>Eventos Passados<\/h2>\n<h3 class=\"style6\">2016<\/h3>\n<p>domingo, 24 janeiro<\/p>\n<p><em>Dubliners Irish Pub, Rio Vermelho, Salvador<\/em><\/p>\n<h3 class=\"style6\">2014 Tour<\/h3>\n<div class=\"style6\"><strong>Lan\u00e7amento CD<br \/>\n<\/strong>sexta, 05 dezembro<br \/>\n<em>Quincas Berro D&#8217;Agua, Pelourinho, Salvador<\/em><\/div>\n<div class=\"style6\">s\u00e1bado, 22 fevereiro<br \/>\ns\u00e1bado, 15 fevereiro<br \/>\ns\u00e1bado, 08 fevereiro<br \/>\ns\u00e1bado, 25 janeiro<br \/>\n<em>Sunshine Music Bar<\/em>, <em>Rio Vermelho, Salvador<\/em><\/p>\n<h3><strong>2013 Tour<\/strong><\/h3>\n<p>s\u00e1bado, 16 novembro<br \/>\n<em>Sunshine Music Bar, Rio Vermelho, Salvador<\/em><\/p>\n<\/div>\n<h3 class=\"style6\">2012 Tour<\/h3>\n<p class=\"style6\"><strong>sexta, 31 de agosto<\/strong><br \/>\n<em><a href=\"http:\/\/www.offthetracks.co.uk\">Off The Tracks Festival<\/a>, Castle Donington<\/em><\/p>\n<p><strong>quinta, 30 de agosto<\/strong><br \/>\n<em><a href=\"http:\/\/www.hootanannybrixton.co.uk\">Hootananny Brixton<\/a>, London<\/em><\/p>\n<p><strong>sexta, 17 de agosto<\/strong><br \/>\n<a href=\"http:\/\/www.barloconewcastle.com\"><em>Bar Loco, Newcastle<\/em><\/a><\/p>\n<p><strong>sexta, 03 de agosto<\/strong><br \/>\n<em><a href=\"http:\/\/www.manonthemoon.freeserve.co.uk\">Man on the Moon<\/a>, Cambridge<\/em><\/p>\n<p><strong>domingo, 18 de mar\u00e7o<\/strong><br \/>\n<em>Espa\u00e7o Verde, Itapu\u00e3, Salvador<\/em><\/p>\n<p><strong>sexta, 17 de fevereiro<\/strong><br \/>\n<em>Pelourinho, Carnaval de Salvador<\/em><\/p>\n<h3 class=\"style6\">2011 Tour<\/h3>\n<p class=\"style3\"><strong>domingo, 18 de dezembro<\/strong><br \/>\n<em>Espa\u00e7o Verde, Itapu\u00e3, Salvador<\/em><\/p>\n<p><strong>sexta, 11 de novembro<\/strong><br \/>\n<em>Tattoo Music Hall, Salvador<\/em><\/p>\n<p><strong>sexta, 04 de novembro<\/strong><br \/>\n<em>Tattoo Music Hall, Salvador<\/em><\/p>\n<p><strong>s\u00e1bado, 06 de agosto<\/strong><br \/>\n<em>Richmond Live, N Yorks, Inglaterra<\/em><\/p>\n<p><strong>s\u00e1bado, 23 de julho<\/strong><br \/>\n<em>Chagstock Festival, Devon, Inglaterra<\/em><\/p>\n<p class=\"style3\"><strong>s\u00e1bado, 02 de julho<\/strong><br \/>\n<em>The Cumberland Arms, Newcastle, Inglaterra<\/em><\/p>\n<p><strong>ter\u00e7a, 22 de fevereiro<\/strong><br \/>\n<em>Botequim Tarrafa, Salvador<\/em><\/p>\n<p class=\"style3\">\n<p><\/p>","protected":false},"excerpt":{"rendered":"<p>Agenda Fique esperto para pr\u00f3ximos eventos Eventos Passados 2016 domingo, 24 janeiro Dubliners Irish Pub, Rio Vermelho, Salvador 2014 Tour Lan\u00e7amento CD sexta, 05 dezembro Quincas Berro D&#8217;Agua, Pelourinho, Salvador s\u00e1bado, 22 fevereiro s\u00e1bado, 15 fevereiro s\u00e1bado, 08 fevereiro s\u00e1bado, 25 janeiro Sunshine Music Bar, Rio Vermelho, Salvador 2013 Tour s\u00e1bado, 16 novembro Sunshine Music [&hellip;]<\/p>\n","protected":false},"author":1,"featured_media":0,"parent":0,"menu_order":0,"comment_status":"open","ping_status":"open","template":"","meta":{"footnotes":""},"class_list":["post-184","page","type-page","status-publish","hentry"],"_links":{"self":[{"href":"https:\/\/aluminioroots.com.br\/pt\/wp-json\/wp\/v2\/pages\/184","targetHints":{"allow":["GET"]}}],"collection":[{"href":"https:\/\/aluminioroots.com.br\/pt\/wp-json\/wp\/v2\/pages"}],"about":[{"href":"https:\/\/aluminioroots.com.br\/pt\/wp-json\/wp\/v2\/types\/page"}],"author":[{"embeddable":true,"href":"https:\/\/aluminioroots.com.br\/pt\/wp-json\/wp\/v2\/users\/1"}],"replies":[{"embeddable":true,"href":"https:\/\/aluminioroots.com.br\/pt\/wp-json\/wp\/v2\/comments?post=184"}],"version-history":[{"count":10,"href":"https:\/\/aluminioroots.com.br\/pt\/wp-json\/wp\/v2\/pages\/184\/revisions"}],"predecessor-version":[{"id":348,"href":"https:\/\/aluminioroots.com.br\/pt\/wp-json\/wp\/v2\/pages\/184\/revisions\/348"}],"wp:attachment":[{"href":"https:\/\/aluminioroots.com.br\/pt\/wp-json\/wp\/v2\/media?parent=184"}],"curies":[{"name":"wp","href":"https:\/\/api.w.org\/{rel}","templated":true}]}}