{"id":2,"date":"2015-02-13T12:55:06","date_gmt":"2015-02-13T12:55:06","guid":{"rendered":"https:\/\/aluminioroots.com.br\/?page_id=2"},"modified":"2024-09-25T09:19:06","modified_gmt":"2024-09-25T09:19:06","slug":"info","status":"publish","type":"page","link":"https:\/\/aluminioroots.com.br\/pt\/info\/","title":{"rendered":"Info"},"content":{"rendered":"<p><\/p>\n<h2>ALUM\u00cdNIO &#8211; Reggae pra Todas as Tribos<br \/>\nSalvador-Bahia-Brasil<\/h2>\n<p>Reconhecido no Brasil e no mundo pela sua m\u00fasica e autenticidade como um dos principais \u201cReggae-men\u201d da Bahia, Alum\u00ednio garante um show altamente roots de m\u00fasica reggae de responsa!<\/p>\n<p>Alum\u00ednio se tornou nome pela sua lideran\u00e7a de um dos maiores movimentos de roots reggae do Brasil, e desde ent\u00e3o pela sua m\u00fasica original e o seu p\u00fablico global. Alimentando o seu povo atrav\u00e9s da m\u00fasica durante mais de 25 anos, Alum\u00ednio hoje \u00e9 refer\u00eancia da m\u00fasica reggae no Brasil, e tamb\u00e9m no cen\u00e1rio internacional. Comparado em S\u00e3o Paulo com Gregory Isaac, teve cada vez mais sucesso em shows e festivais na Europa, destacando-se no espa\u00e7o n\u00b0 1 de m\u00fasica ao vivo e de reggae da Inglaterra, Hootananny Brixton, durante London 2012.<\/p>\n<p><strong>O seu \u00faltimo CD<\/strong>, \u2018EU SOU O BARRO\u2019, apresenta m\u00fasicas novas in\u00e9ditas como \u2018O C\u00e9u \u00e9 Alto\u2019 e outros sucessos como \u2018S.O.S. Amaz\u00f4nia\u2019 e \u2018Eva\u2019. O Rastaman traz mensagens de louvor a Jah e \u00e0 natureza, com diversos ritmos de roots ao dance, mas sempre o Nyambingh que pulsa nas veias \u2013 aqui \u00e9 o verdadeiro ROOTS ROCK REGGAE!<\/p>\n<p><strong>Alum\u00ednio<\/strong>, nascido em Riach\u00e3o de Jacu\u00edpe, cresceu desde a adolesc\u00eancia no meio dos tambores no Pelourinho de Salvador, Bahia. Os ritmos j\u00e1 bailavam sobre ele, mais a raiz que ficou plantada foi o Nyambingh. Desenvolveu como m\u00fasico, cantor e compositor, inspirado pelas experi\u00eancias da vida e pela sua conex\u00e3o espiritual.<\/p>\n<p><strong>Alum\u00ednio se tornou refer\u00eancia nacional<\/strong> atrav\u00e9s dos seus eventos semanais e ativismo na Rocinha do Pelourinho. Durante mais de sete anos, os eventos atra\u00edram milhares de pessoas todo m\u00eas de todos os cantos, atraindo a m\u00eddia local e internacional, gerando colabora\u00e7\u00e3o entre artistas e transformando o gueto em importante e reconhecido p\u00f3lo cultural. Embaixador para a justi\u00e7a social, o Rastaman traz um mensagem universal de respeito, amor e louvor.<\/p>\n<p><strong>Comparado em S\u00e3o Paulo com Gregory Isaac e Don Carlos<\/strong>, em 2007 Alum\u00ednio iniciou a sua carreira internacional, desde ent\u00e3o desfrutando de cada vez mais sucesso em espa\u00e7os e festivais ao redor da Gr\u00e3-Bretanha, trabalhando junto com m\u00fasicos reconhecidos da regi\u00e3o. Destaques recentes no Brasil incluem o Carnaval de Salvador, e os CDs de grava\u00e7\u00e3o profissional, <strong>Rocinha 22 de setembro e Reggae para Todas as Tribos<\/strong>.<\/p>\n<h3>DESTAQUES<\/h3>\n<p><strong>1992<\/strong> \u2013 \u00e9 membro fundador, baterista e percussionista da banda de reggae, Bem Aventurados, apresentando em Salvador e em v\u00e1rias cidades da Bahia.<\/p>\n<p><strong>1999<\/strong> \u2013 lidera a Cultura em Movimento na Rocinha do Pelourinho, formalizando as atividades culturais e sociais, incluindo a constru\u00e7\u00e3o do palco e do espa\u00e7o cultural.<\/p>\n<p><strong>2001<\/strong> \u2013 lan\u00e7a o seu pr\u00f3prio trabalho, Carruagem de Fogo, promovendo os eventos todas as sextas-feiras na Rocinha. Alum\u00ednio se torna nome no cen\u00e1rio de reggae nacional, e a Rocinha vira \u201cO Reduto de Reggae da Bahia\u201d. <a href=\"https:\/\/aluminioroots.com.br\/wp-content\/uploads\/FOLDER-cultura-em-movimento-2.jpg\" target=\"_blank\" rel=\"noopener\">Saibam mais \u2013 Rocinha Movimento Reggae<\/a><\/p>\n<p><strong>2003<\/strong> \u2013 vem a primeira grava\u00e7\u00e3o profissional \u201cRocinha \u2013 22 de setembro\u201d, buscando \u201co futuro da na\u00e7\u00e3o\u201d e lembrando a tentativa de massacre do movimento cultural pelas autoridades. As suas letras s\u00e3o citadas no relat\u00f3rio da ONU \u201cDireito \u00e0 Moradia\u201d, apresentado ao Presidente do Brasil.<\/p>\n<p><strong>2005<\/strong> \u2013 como embaixador para a pol\u00edtica social atrav\u00e9s do reggae, Alum\u00ednio \u00e9 eleito delegado para a 1\u00aa Confer\u00eancia Nacional de Cultura em Bras\u00edlia, com recital no Planalto.<\/p>\n<p><strong>2007<\/strong> \u2013 inicia a sua carreira internacional, apresentando em espa\u00e7os culturais e festivais na Gr\u00e3-Bretanha, junto com m\u00fasicos reconhecidos da regi\u00e3o.<\/p>\n<p><strong>2011<\/strong> \u2013 lan\u00e7a novo CD \u201cReggae pra Todas as Tribos\/ Reggae for All Tribes\u201d. Gravado em Salvador, o Rastaman traz mensagens de respeito, obedi\u00eancia, louvor e amor, incluindo m\u00fasicas prediletas e in\u00e9ditas. Mais uma turn\u00ea acontece na Gr\u00e3-Bretanha, sendo sucesso em festivais do ver\u00e3o europeu.<\/p>\n<p><strong>2012<\/strong> \u2013 \u00e9 selecionado como uma das melhores bandas de reggae para apresentar no Carnaval de Salvador, a maior festa de rua do mundo! Segue para apresentar na Inglaterra de novo, alotando o espa\u00e7o n\u00b0 1 de m\u00fasica ao vivo e de reggae da Gr\u00e3-Bretanha, Hootananny Brixton, durante os Ol\u00edmpicos London 2012.<\/p>\n<p><strong>2014<\/strong> \u2013 Alum\u00ednio lan\u00e7a seu CD mais recente \u2013 \u2018EU SOU O BARRO\u2019, com m\u00fasicas novas como \u2018O C\u00e9u \u00e9 Alto\u2019, e queridas que incluem \u2018S.O.S. Amaz\u00f4nia\u2019 e \u2018Eva\u2019.<\/p>\n<h3>DISCOGRAFIA<\/h3>\n<p><strong>2003<\/strong> \u2013 Rocinha- 22 de Setembro \u2013 <a href=\"..\/files\/letras-lyricsRocinha22deSetembro.pdf\" target=\"_blank\" rel=\"noopener\">letras [pdf]<\/a><\/p>\n<p><strong>2009<\/strong> \u2013 Reggae para Todas as Tribos \/ Reggae for All Tribes \u2013 <a href=\"..\/files\/letras-lyricsReggaeforAllTribes.pdf\" target=\"_blank\" rel=\"noopener\">letras [pdf]<\/a><\/p>\n<p><strong>2014<\/strong> \u2013 Eu Sou o Barro \u2013 <a href=\"https:\/\/aluminioroots.com.br\/wp-content\/uploads\/letras-lyrics-Eu-Sou-o-Barro.pdf\" target=\"_blank\" rel=\"noopener\">letras [pdf]<\/a><\/p>\n<h4>Eu Sou o Barro<\/h4>\n<p>Dire\u00e7\u00e3o Musical Allan Santos<br \/>\nGrava\u00e7\u00e3o &amp; Mix Luciano Almeida<br \/>\nFotografia &amp; Capa Marcus Carvalho<\/p>\n<p><em>Vocalista<\/em> Alum\u00ednio<br \/>\n<em>Bateria<\/em> Jorge Dubman<br \/>\n<em>Baixo<\/em> Alan du Grave<br \/>\n<em>Guitarra<\/em> Alex Pantera, Millan Gordilho<br \/>\n<em>Teclado<\/em> Allan Santos<br \/>\n<em>Backing Vocais<\/em> Ana Pereira, Julia da Silva, Allan Santos<br \/>\n<em>Sopro<\/em> Val Souza, Jaquisson Amparo, Rom\u00e9rio Santana<br \/>\n<em>Percuss\u00e3o<\/em> Marco Jones<\/p>\n<p>Cantor \/ compositor \/ diretor, Nivaldo Ferreira da Silva Alum\u00ednio), \u00e9 o autor das letras e melodias das m\u00fasicas aqui publicadas. Portanto obriga-se, em qualquer tempo, \u00e0 pr\u00e9via autoriza\u00e7\u00e3o.<br \/>\n<strong>Reservados os direitos autorais<\/strong>.r<\/p>","protected":false},"excerpt":{"rendered":"<p>ALUM\u00cdNIO &#8211; Reggae pra Todas as Tribos Salvador-Bahia-Brasil Reconhecido no Brasil e no mundo pela sua m\u00fasica e autenticidade como um dos principais \u201cReggae-men\u201d da Bahia, Alum\u00ednio garante um show altamente roots de m\u00fasica reggae de responsa! Alum\u00ednio se tornou nome pela sua lideran\u00e7a de um dos maiores movimentos de roots reggae do Brasil, e [&hellip;]<\/p>\n","protected":false},"author":1,"featured_media":0,"parent":0,"menu_order":0,"comment_status":"open","ping_status":"closed","template":"template-with-sidebar.php","meta":{"footnotes":""},"class_list":["post-2","page","type-page","status-publish","hentry"],"_links":{"self":[{"href":"https:\/\/aluminioroots.com.br\/pt\/wp-json\/wp\/v2\/pages\/2","targetHints":{"allow":["GET"]}}],"collection":[{"href":"https:\/\/aluminioroots.com.br\/pt\/wp-json\/wp\/v2\/pages"}],"about":[{"href":"https:\/\/aluminioroots.com.br\/pt\/wp-json\/wp\/v2\/types\/page"}],"author":[{"embeddable":true,"href":"https:\/\/aluminioroots.com.br\/pt\/wp-json\/wp\/v2\/users\/1"}],"replies":[{"embeddable":true,"href":"https:\/\/aluminioroots.com.br\/pt\/wp-json\/wp\/v2\/comments?post=2"}],"version-history":[{"count":28,"href":"https:\/\/aluminioroots.com.br\/pt\/wp-json\/wp\/v2\/pages\/2\/revisions"}],"predecessor-version":[{"id":365,"href":"https:\/\/aluminioroots.com.br\/pt\/wp-json\/wp\/v2\/pages\/2\/revisions\/365"}],"wp:attachment":[{"href":"https:\/\/aluminioroots.com.br\/pt\/wp-json\/wp\/v2\/media?parent=2"}],"curies":[{"name":"wp","href":"https:\/\/api.w.org\/{rel}","templated":true}]}}