{"id":322,"date":"2015-10-07T16:00:04","date_gmt":"2015-10-07T16:00:04","guid":{"rendered":"https:\/\/aluminioroots.com.br\/?page_id=322"},"modified":"2015-10-07T16:07:01","modified_gmt":"2015-10-07T16:07:01","slug":"comentarios","status":"publish","type":"page","link":"https:\/\/aluminioroots.com.br\/pt\/comentarios\/","title":{"rendered":"Comentarios"},"content":{"rendered":"<p>\u201cReggae Roots de Responsa\u201d<\/p>\n<p><em>Chico Castro Jr, A Tarde, Salvador 28.07.15<\/em><\/p>\n<h2>F\u00c3S no FACEBOOK<\/h2>\n<p>\u201cALUM\u00cdNIO ROOTS &#8211; VC \u00c9 O CL\u00c1SSICO DO REGGAE ROOTS\u201d<\/p>\n<p>\u201cO monstro do reggae da Bahia\u201d<\/p>\n<p>\u201cO Roots contempor\u00e2neo!!!\u201d<\/p>\n<p>\u201cGrande Alum\u00ednio, voc\u00ea \u00e9 um patrim\u00f4nio nosso\u201d<\/p>\n<p>\u201cIluminado \u00e9s irm\u00e3o!!!\u201d<\/p>\n<p>\u201creggae brabo!!!!!!!!!!!!!!!!!!!\u201d<\/p>\n<p>\u201cmuito foda, m\u00e1ximo respeito Alum\u00ednio Roots\u201d<\/p>\n<p>\u201cLulu voc\u00ea tem hist\u00f3ria, n\u00e3o caiu de para queda como muitos que est\u00e3o ai\u201d<\/p>\n<p>\u201cAut\u00eantico!\u201d<\/p>\n<p>\u201cO verdadeiro Roots Rastafari da BAHIA\u201d<\/p>\n<p>\u201cEsse show foi demais!!\u201d<\/p>\n<p>\u201cROOTS REGGAE DE QUALIDADE\u201d<\/p>\n<h2>\u00a0FEEDBACK FESTIVAIS na GR\u00c3-BRETANHA<\/h2>\n<p>\u201cAlum\u00ednio Roots trousse um grande novo som para n\u00f3s em Chagstock, perfeito para uma tarde ensolarada, reggae do melhor, e gente bacana tamb\u00e9m!&#8221;<\/p>\n<p><em>\u00a0Si Ford, produtor Chagstock Festival, UK<\/em><\/p>\n<p>\u201cSom excelente, mesmo na chuva. Recebi muitos elogios sobre voc\u00eas. Obrigado, mas traga um solzinho pra a pr\u00f3xima vez.\u201d<\/p>\n<p><em>Andy Brown, produtor Richmond Live Festival, UK<\/em><\/p>\n<p><strong><em>\u00a0<\/em><\/strong>\u201cBrilhante!\u201d<\/p>\n<p><em>F\u00e3 Festival &#8211; UK<\/em><\/p>\n<p>\u201cO novo CD de Alum\u00ednio,\u2018Eu Sou o Barro\u2019, \u00e9 uma homenagem vibrante de roots-rock-reggae para o mundo natural, em toda a sua beleza, harmonia e mist\u00e9rio.<\/p>\n<p>As can\u00e7\u00f5es s\u00e3o tributos l\u00edricos \u00e0 Amaz\u00f4nia, ao mar, \u00e0s esta\u00e7\u00f5es, \u00e0 beleza da mulher e a Jesus Cristo. Uma introdu\u00e7\u00e3o linda inicia com canto de p\u00e1ssaros e \u00e1gua fluindo, nos levando para o cora\u00e7\u00e3o da floresta amaz\u00f4nica. O portugu\u00eas brasileiro combina com os ritmos de reggae e as letras evocam um amor profundo \u00e0 natureza e a Jah \u2013 \u201cone love\u201d.<\/p>\n<p>H\u00e1 elementos de Gregory Isaacs e Misty in Roots, com a trombeta assombrando de Val Souza oferecendo notas altas gloriosas sobre os ritmos hipn\u00f3ticos, por\u00e9m a pr\u00f3pria voz de Alum\u00ednio \u00e9 forte e espiritual, e a sua personalidade e verdadeira consci\u00eancia social brilham claramente.<\/p>\n<p>O \u201cback beat\u201d incessante de reggae produz \u00e0s vezes um estado quase de transe de extasia; na faixa \u201cEva\u201d, o momentum energ\u00e9tico cria uma vibra\u00e7\u00e3o de alegria reminiscente de m\u00fasicas de Bob Marley, enquanto \u2018Uma Estrela\u2019 mostra a voz de Alum\u00ednio na sua plena escala emocional. As melodias s\u00e3o lindas, e a adora\u00e7\u00e3o sincera de um mundo natural sob amea\u00e7a produz um \u00e1lbum cheio de profundidade e descoberta.\u201d<\/p>\n<p><em>Lucy Mallows \u2013 photo\/music journalist, UK.\u00a0 <\/em><em>04.08.15<\/em><\/p>\n<h2><em>COMENT\u00c1RIOS<\/em><strong><em> de F\u00c3S no BRASIL<\/em><\/strong><\/h2>\n<p><strong><em>\u00a0<\/em><\/strong>\u201cBbooommmm &#8211; Alum\u00ednio rocks like a lion!!!! bless ini&#8230;abencoados e bem-aventurados eu e eu&#8221;<\/p>\n<p>\u201cAqui n\u00e3o tem poser!! Roots reggae man do Brasil! A melhor voz reggae do Brasil, letras diretas e objetivas com linguagem do povo sem perder a eloqu\u00eancia!\u201d\u00a0 <em>comunidade Orkut\/Google<\/em><br \/>\n\u201cAlum\u00ednio Roots, o homem que n\u00e3o enferruja\u201d<\/p>\n<p>\u201cA melhor Banda de Reggae da Bahia!\u201d\u00a0 <em>Cristiano<\/em><br \/>\n\u201cuma das coisas que sinto mais saudades em SSA eh do som desse cara..SALVE ALUMINIO\u201d<\/p>\n<p>&#8220;Altamente Roots!&#8221;\u00a0\u00a0\u00a0\u00a0 <em>Ailton Oliveira<\/em><\/p>\n<p>\u201cBendito seja o amor de Jah. Jah vive!\u201d\u00a0<em>Iuri Santos<\/em><\/p>","protected":false},"excerpt":{"rendered":"<p>\u201cReggae Roots de Responsa\u201d Chico Castro Jr, A Tarde, Salvador 28.07.15 F\u00c3S no FACEBOOK \u201cALUM\u00cdNIO ROOTS &#8211; VC \u00c9 O CL\u00c1SSICO DO REGGAE ROOTS\u201d \u201cO monstro do reggae da Bahia\u201d \u201cO Roots contempor\u00e2neo!!!\u201d \u201cGrande Alum\u00ednio, voc\u00ea \u00e9 um patrim\u00f4nio nosso\u201d \u201cIluminado \u00e9s irm\u00e3o!!!\u201d \u201creggae brabo!!!!!!!!!!!!!!!!!!!\u201d \u201cmuito foda, m\u00e1ximo respeito Alum\u00ednio Roots\u201d \u201cLulu voc\u00ea tem hist\u00f3ria, [&hellip;]<\/p>\n","protected":false},"author":2,"featured_media":0,"parent":0,"menu_order":0,"comment_status":"closed","ping_status":"closed","template":"","meta":{"footnotes":""},"class_list":["post-322","page","type-page","status-publish","hentry"],"_links":{"self":[{"href":"https:\/\/aluminioroots.com.br\/pt\/wp-json\/wp\/v2\/pages\/322","targetHints":{"allow":["GET"]}}],"collection":[{"href":"https:\/\/aluminioroots.com.br\/pt\/wp-json\/wp\/v2\/pages"}],"about":[{"href":"https:\/\/aluminioroots.com.br\/pt\/wp-json\/wp\/v2\/types\/page"}],"author":[{"embeddable":true,"href":"https:\/\/aluminioroots.com.br\/pt\/wp-json\/wp\/v2\/users\/2"}],"replies":[{"embeddable":true,"href":"https:\/\/aluminioroots.com.br\/pt\/wp-json\/wp\/v2\/comments?post=322"}],"version-history":[{"count":3,"href":"https:\/\/aluminioroots.com.br\/pt\/wp-json\/wp\/v2\/pages\/322\/revisions"}],"predecessor-version":[{"id":325,"href":"https:\/\/aluminioroots.com.br\/pt\/wp-json\/wp\/v2\/pages\/322\/revisions\/325"}],"wp:attachment":[{"href":"https:\/\/aluminioroots.com.br\/pt\/wp-json\/wp\/v2\/media?parent=322"}],"curies":[{"name":"wp","href":"https:\/\/api.w.org\/{rel}","templated":true}]}}