{"id":61,"date":"2015-05-06T14:31:51","date_gmt":"2015-05-06T14:31:51","guid":{"rendered":"https:\/\/aluminioroots.com.br\/?page_id=61"},"modified":"2015-07-03T17:28:16","modified_gmt":"2015-07-03T17:28:16","slug":"english-home","status":"publish","type":"page","link":"https:\/\/aluminioroots.com.br\/pt\/","title":{"rendered":"Home"},"content":{"rendered":"<p><div class=\"c-gallery \" ><div class=\"item-list-container\"><ul class=\"item-list m-4-items-per-row\" data-layout=\"fitRows\"><li class=\"item m-has-overlay m-animated cat-music m-audio\" data-title=\"o Ceu e Alto\"><a href=\"https:\/\/aluminioroots.com.br\/pt\/project\/o-ceu-e-alto\/\" data-ajax-selector=\".portfolio-detail\" class=\"item-image m-open-ajax-modal-project\"><img decoding=\"async\" src=\"https:\/\/aluminioroots.com.br\/wp-content\/uploads\/capa-CD-web.jpg\" alt=\"o Ceu e Alto\"><\/a><div class=\"item-info\"><h4 class=\"m-secondary-font\"><a href=\"https:\/\/aluminioroots.com.br\/pt\/project\/o-ceu-e-alto\/\" data-ajax-selector=\".portfolio-detail\" class=\"m-open-ajax-modal-project\">o Ceu e Alto<\/a><\/h4><\/div><div class=\"item-tools\"><a href=\"https:\/\/aluminioroots.com.br\/pt\/project\/o-ceu-e-alto\/\"><i class=\"fa fa-link\"><\/i><\/a><\/div><\/li><li class=\"item m-has-overlay m-animated cat-music m-audio\" data-title=\"Eva\"><a href=\"https:\/\/aluminioroots.com.br\/pt\/project\/eva\/\" data-ajax-selector=\".portfolio-detail\" class=\"item-image m-open-ajax-modal-project\"><img decoding=\"async\" src=\"https:\/\/aluminioroots.com.br\/wp-content\/uploads\/d20140408_011-web-1024x1024.jpg\" alt=\"Eva\"><\/a><div class=\"item-info\"><h4 class=\"m-secondary-font\"><a href=\"https:\/\/aluminioroots.com.br\/pt\/project\/eva\/\" data-ajax-selector=\".portfolio-detail\" class=\"m-open-ajax-modal-project\">Eva<\/a><\/h4><\/div><div class=\"item-tools\"><a href=\"https:\/\/aluminioroots.com.br\/pt\/project\/eva\/\"><i class=\"fa fa-link\"><\/i><\/a><\/div><\/li><li class=\"item m-has-overlay m-animated cat-music m-audio\" data-title=\"Abacateiro\"><a href=\"https:\/\/aluminioroots.com.br\/pt\/project\/abacateiro\/\" data-ajax-selector=\".portfolio-detail\" class=\"item-image m-open-ajax-modal-project\"><img decoding=\"async\" src=\"https:\/\/aluminioroots.com.br\/wp-content\/uploads\/abacateiro-500x500.jpg\" alt=\"Abacateiro\"><\/a><div class=\"item-info\"><h4 class=\"m-secondary-font\"><a href=\"https:\/\/aluminioroots.com.br\/pt\/project\/abacateiro\/\" data-ajax-selector=\".portfolio-detail\" class=\"m-open-ajax-modal-project\">Abacateiro<\/a><\/h4><\/div><div class=\"item-tools\"><a href=\"https:\/\/aluminioroots.com.br\/pt\/project\/abacateiro\/\"><i class=\"fa fa-link\"><\/i><\/a><\/div><\/li><li class=\"item m-has-overlay m-animated cat-music m-audio\" data-title=\"SOS Amaz\u00f4nia\"><a href=\"https:\/\/aluminioroots.com.br\/pt\/project\/sos-amazonia\/\" data-ajax-selector=\".portfolio-detail\" class=\"item-image m-open-ajax-modal-project\"><img decoding=\"async\" src=\"https:\/\/aluminioroots.com.br\/wp-content\/uploads\/Aluminio-Eu-Sou-o-Barro-notext-web-1024x1024.jpg\" alt=\"SOS Amaz\u00f4nia\"><\/a><div class=\"item-info\"><h4 class=\"m-secondary-font\"><a href=\"https:\/\/aluminioroots.com.br\/pt\/project\/sos-amazonia\/\" data-ajax-selector=\".portfolio-detail\" class=\"m-open-ajax-modal-project\">SOS Amaz\u00f4nia<\/a><\/h4><\/div><div class=\"item-tools\"><a href=\"https:\/\/aluminioroots.com.br\/pt\/project\/sos-amazonia\/\"><i class=\"fa fa-link\"><\/i><\/a><\/div><\/li><li class=\"item m-has-overlay m-animated cat-video m-video\" data-title=\"&#8216;Dia do Juizo&#8217;, Carnaval Pelourinho Salvador 2012\"><a href=\"https:\/\/aluminioroots.com.br\/pt\/project\/dia-do-juizo-carnaval-pelourinho-salvador-2012\/\" data-ajax-selector=\".portfolio-detail\" class=\"item-image m-open-ajax-modal-project\"><img decoding=\"async\" src=\"https:\/\/aluminioroots.com.br\/wp-content\/uploads\/video-2012-Dia-do-Juizo2-1024x1024.jpg\" alt=\"&#8216;Dia do Juizo&#8217;, Carnaval Pelourinho Salvador 2012\"><\/a><div class=\"item-info\"><h4 class=\"m-secondary-font\"><a href=\"https:\/\/aluminioroots.com.br\/pt\/project\/dia-do-juizo-carnaval-pelourinho-salvador-2012\/\" data-ajax-selector=\".portfolio-detail\" class=\"m-open-ajax-modal-project\">&#8216;Dia do Juizo&#8217;, Carnaval Pelourinho Salvador 2012<\/a><\/h4><\/div><div class=\"item-tools\"><a href=\"https:\/\/aluminioroots.com.br\/pt\/project\/dia-do-juizo-carnaval-pelourinho-salvador-2012\/\"><i class=\"fa fa-link\"><\/i><\/a><\/div><\/li><li class=\"item m-has-overlay m-animated cat-video m-video\" data-title=\"ALUMINIO lan\u00e7a novo CD &#8211; Eu Sou o Barro\"><a href=\"https:\/\/aluminioroots.com.br\/pt\/project\/aluminio-lanca-novo-cd-eu-sou-o-barro\/\" data-ajax-selector=\".portfolio-detail\" class=\"item-image m-open-ajax-modal-project\"><img decoding=\"async\" src=\"https:\/\/aluminioroots.com.br\/wp-content\/uploads\/video-2015-eusouobarro-1024x1024.jpg\" alt=\"ALUMINIO lan\u00e7a novo CD &#8211; Eu Sou o Barro\"><\/a><div class=\"item-info\"><h4 class=\"m-secondary-font\"><a href=\"https:\/\/aluminioroots.com.br\/pt\/project\/aluminio-lanca-novo-cd-eu-sou-o-barro\/\" data-ajax-selector=\".portfolio-detail\" class=\"m-open-ajax-modal-project\">ALUMINIO lan\u00e7a novo CD &#8211; Eu Sou o Barro<\/a><\/h4><\/div><div class=\"item-tools\"><a href=\"https:\/\/aluminioroots.com.br\/pt\/project\/aluminio-lanca-novo-cd-eu-sou-o-barro\/\"><i class=\"fa fa-link\"><\/i><\/a><\/div><\/li><li class=\"item m-has-overlay m-animated cat-video m-video\" data-title=\"&#8216;Agua da Vida&#8217;, Hootananny Brixton, London 2012\"><a href=\"https:\/\/aluminioroots.com.br\/pt\/project\/agua-da-vida-hootananny-brixton-london-2012\/\" data-ajax-selector=\".portfolio-detail\" class=\"item-image m-open-ajax-modal-project\"><img decoding=\"async\" src=\"https:\/\/aluminioroots.com.br\/wp-content\/uploads\/video-2012-Agua-da-Vida-1024x1024.jpg\" alt=\"&#8216;Agua da Vida&#8217;, Hootananny Brixton, London 2012\"><\/a><div class=\"item-info\"><h4 class=\"m-secondary-font\"><a href=\"https:\/\/aluminioroots.com.br\/pt\/project\/agua-da-vida-hootananny-brixton-london-2012\/\" data-ajax-selector=\".portfolio-detail\" class=\"m-open-ajax-modal-project\">&#8216;Agua da Vida&#8217;, Hootananny Brixton, London 2012<\/a><\/h4><\/div><div class=\"item-tools\"><a href=\"https:\/\/aluminioroots.com.br\/pt\/project\/agua-da-vida-hootananny-brixton-london-2012\/\"><i class=\"fa fa-link\"><\/i><\/a><\/div><\/li><li class=\"item m-has-overlay m-animated cat-video m-video\" data-title=\"&#8216;4 em 4 anos&#8217;, ao vivo @ Rocinha, Pelourinho, Salvador da Bahia\"><a href=\"https:\/\/aluminioroots.com.br\/pt\/project\/4-em-4-anos-ao-vivo-rocinha-pelourinho-salvador-da-bahia\/\" data-ajax-selector=\".portfolio-detail\" class=\"item-image m-open-ajax-modal-project\"><img decoding=\"async\" src=\"https:\/\/aluminioroots.com.br\/wp-content\/uploads\/video-2009-4-em-4-anos-1024x1024.jpg\" alt=\"&#8216;4 em 4 anos&#8217;, ao vivo @ Rocinha, Pelourinho, Salvador da Bahia\"><\/a><div class=\"item-info\"><h4 class=\"m-secondary-font\"><a href=\"https:\/\/aluminioroots.com.br\/pt\/project\/4-em-4-anos-ao-vivo-rocinha-pelourinho-salvador-da-bahia\/\" data-ajax-selector=\".portfolio-detail\" class=\"m-open-ajax-modal-project\">&#8216;4 em 4 anos&#8217;, ao vivo @ Rocinha, Pelourinho, Salvador da Bahia<\/a><\/h4><\/div><div class=\"item-tools\"><a href=\"https:\/\/aluminioroots.com.br\/pt\/project\/4-em-4-anos-ao-vivo-rocinha-pelourinho-salvador-da-bahia\/\"><i class=\"fa fa-link\"><\/i><\/a><\/div><\/li><\/ul><\/div><div class=\"gallery-tools m-has-filter m-has-pagination\"><div class=\"container\"><div class=\"clearfix\"><ul class=\"gallery-filter\"><li><button class=\"m-active\" type=\"button\" data-filter=\"*\">All<\/button><\/li><li><button type=\"button\" data-filter=\".cat-music\">Music<\/button><\/li><li><button type=\"button\" data-filter=\".cat-video\">Video<\/button><\/li><\/ul><div class=\"c-pagination m-ajaxed\"><a href=\"https:\/\/aluminioroots.com.br\/pt\/project\/?offset=8\" class=\"c-button m-outline\" data-loading-label=\"Loading...\"  data-no-more-label=\"No more items\">Load More<\/a><\/div><\/div><\/div><\/div><\/div>\n<div class=\"container\">\n<div class=\"row \">\n<div class=\"col-md-4\">\n<div class=\"c-service\"><div class=\"content_block\" id=\"custom_post_widget-126\"><p><img loading=\"lazy\" decoding=\"async\" class=\"alignnone size-medium wp-image-127\" src=\"https:\/\/aluminioroots.com.br\/wp-content\/uploads\/Aluminio-2-web-800x800-300x300.jpg\" alt=\" \" width=\"300\" height=\"300\" srcset=\"https:\/\/aluminioroots.com.br\/wp-content\/uploads\/Aluminio-2-web-800x800-300x300.jpg 300w, https:\/\/aluminioroots.com.br\/wp-content\/uploads\/Aluminio-2-web-800x800-150x150.jpg 150w, https:\/\/aluminioroots.com.br\/wp-content\/uploads\/Aluminio-2-web-800x800.jpg 800w\" sizes=\"auto, (max-width: 300px) 100vw, 300px\" \/><\/p>\n<h2>Agenda<\/h2>\n<p><a href=\"https:\/\/aluminioroots.com.br\/usa-tour-september-2016\/\"><img loading=\"lazy\" decoding=\"async\" class=\"alignnone size-medium wp-image-332\" src=\"https:\/\/aluminioroots.com.br\/wp-content\/uploads\/Aluminio-New-York-final-feat-crop-300px.jpg\" alt=\"USA Tour - September 2016\" width=\"300\" height=\"183\" \/><\/a><\/p>\n<p><a href=\"https:\/\/aluminioroots.com.br\/gigs\/\">eventos passados <\/a><\/p>\n<\/div><\/div>\n<\/div>\n<div class=\"col-md-4\">\n<div class=\"c-service\"><div class=\"content_block\" id=\"custom_post_widget-120\"><p><img loading=\"lazy\" decoding=\"async\" class=\"alignnone size-medium wp-image-76\" src=\"https:\/\/aluminioroots.com.br\/wp-content\/uploads\/capa-CD-web-300x300.jpg\" alt=\" \" width=\"300\" height=\"300\" srcset=\"https:\/\/aluminioroots.com.br\/wp-content\/uploads\/capa-CD-web-300x300.jpg 300w, https:\/\/aluminioroots.com.br\/wp-content\/uploads\/capa-CD-web-150x150.jpg 150w, https:\/\/aluminioroots.com.br\/wp-content\/uploads\/capa-CD-web.jpg 800w\" sizes=\"auto, (max-width: 300px) 100vw, 300px\" \/><\/p>\n<h2>Novo CD<\/h2>\n<p>Agora lan\u00e7a seu novo trabalho, o CD &#8211; <strong>EU\u00a0SOU\u00a0O\u00a0BARRO<\/strong>, com m\u00fasicas novas in\u00e9ditas como &#8220;O C\u00e9u \u00e9 Alto&#8221; e outras queridas como &#8220;Princesa&#8221; e &#8220;Torre de Babel&#8221;. O Rastaman traz mensagens de louvor a Jah e \u00e0 natureza, com diversos ritmos de roots ao dance, mas sempre o Nyambingh que pulsa nas veias &#8211; aqui \u00e9 o verdadeiro ROOTS ROCK REGGAE!<\/p>\n<p><strong>COMPRAR (em breve)<\/strong><\/p>\n<p><a href=\"http:\/\/palcomp3.com\/aluminioroots\/info.htm\" target=\"_blank\">Palco MP3<\/a>  |  <a href=\"https:\/\/soundcloud.com\/info-1877-1\" target=\"_blank\">Soundcloud<\/a><br \/>\n<a href=\"https:\/\/aluminioroots.bandcamp.com\/\" target=\"_blank\">Bandcamp<\/a>  |  <a href=\"http:\/\/www.cdbaby.com\/cd\/aluminio\" target=\"_blank\">CD&nbsp;Baby<\/a><\/p>\n<\/div><\/div>\n<\/div>\n<div class=\"col-md-4\">\n<div class=\"c-service\"><div class=\"content_block\" id=\"custom_post_widget-141\"><p><img loading=\"lazy\" decoding=\"async\" class=\"alignnone size-medium wp-image-145\" src=\"https:\/\/aluminioroots.com.br\/wp-content\/uploads\/Aluminio-Quincas-Berro-DAgua-1-web-800x800-300x300.jpg\" alt=\" \" width=\"300\" height=\"300\" srcset=\"https:\/\/aluminioroots.com.br\/wp-content\/uploads\/Aluminio-Quincas-Berro-DAgua-1-web-800x800-300x300.jpg 300w, https:\/\/aluminioroots.com.br\/wp-content\/uploads\/Aluminio-Quincas-Berro-DAgua-1-web-800x800-150x150.jpg 150w, https:\/\/aluminioroots.com.br\/wp-content\/uploads\/Aluminio-Quincas-Berro-DAgua-1-web-800x800.jpg 800w\" sizes=\"auto, (max-width: 300px) 100vw, 300px\" \/><\/p>\n<h2>Coment\u00e1rios<\/h2>\n<p>\u201cReggae Roots de Responsa\u201d<\/p>\n<p>\u201cAlum\u00ednio \u2013 O Cl\u00e1ssico do Reggae Roots\u201d<\/p>\n<p>\u201cO Monstro do Reggae da Bahia\u201d<\/p>\n<p>\u201cO Roots Contempor\u00e2neo!\u201d<\/p>\n<p>\u201cGrande Alum\u00ednio, patrim\u00f4nio nosso\u201d<\/p>\n<p>\u201cReggae brabo!!!!!!!!!!!!!!!!!!!\u201d<\/p>\n<p>\u201cO verdadeiro Roots Rastafari da BAHIA\u201d<\/p>\n<p><a href=\"https:\/\/aluminioroots.com.br\/pt\/comentarios\/\">Mais Coment\u00e1rios<\/a><\/p>\n<\/div><\/div>\n<\/div>\n<\/div>\n<\/div>\n<p><\/p>","protected":false},"excerpt":{"rendered":"","protected":false},"author":1,"featured_media":0,"parent":0,"menu_order":0,"comment_status":"open","ping_status":"open","template":"template-fullsize-wo-title.php","meta":{"footnotes":""},"class_list":["post-61","page","type-page","status-publish","hentry"],"_links":{"self":[{"href":"https:\/\/aluminioroots.com.br\/pt\/wp-json\/wp\/v2\/pages\/61","targetHints":{"allow":["GET"]}}],"collection":[{"href":"https:\/\/aluminioroots.com.br\/pt\/wp-json\/wp\/v2\/pages"}],"about":[{"href":"https:\/\/aluminioroots.com.br\/pt\/wp-json\/wp\/v2\/types\/page"}],"author":[{"embeddable":true,"href":"https:\/\/aluminioroots.com.br\/pt\/wp-json\/wp\/v2\/users\/1"}],"replies":[{"embeddable":true,"href":"https:\/\/aluminioroots.com.br\/pt\/wp-json\/wp\/v2\/comments?post=61"}],"version-history":[{"count":21,"href":"https:\/\/aluminioroots.com.br\/pt\/wp-json\/wp\/v2\/pages\/61\/revisions"}],"predecessor-version":[{"id":269,"href":"https:\/\/aluminioroots.com.br\/pt\/wp-json\/wp\/v2\/pages\/61\/revisions\/269"}],"wp:attachment":[{"href":"https:\/\/aluminioroots.com.br\/pt\/wp-json\/wp\/v2\/media?parent=61"}],"curies":[{"name":"wp","href":"https:\/\/api.w.org\/{rel}","templated":true}]}}